{"id":816,"date":"2020-02-08T21:25:27","date_gmt":"2020-02-08T20:25:27","guid":{"rendered":"http:\/\/www.tinone71.com\/wp\/?page_id=816"},"modified":"2020-02-08T21:25:27","modified_gmt":"2020-02-08T20:25:27","slug":"about-me","status":"publish","type":"page","link":"https:\/\/www.tinone71.com\/wp\/?page_id=816","title":{"rendered":"About me.."},"content":{"rendered":"<div style=\"\" class=\"ssag-opads-main     \" ><\/div>\n<div class=\"wp-block-group\"><div class=\"wp-block-group__inner-container is-layout-flow wp-block-group-is-layout-flow\">\n<figure class=\"wp-block-gallery columns-3 is-cropped wp-block-gallery-1 is-layout-flex wp-block-gallery-is-layout-flex\"><ul class=\"blocks-gallery-grid\"><li class=\"blocks-gallery-item\"><figure><img loading=\"lazy\" decoding=\"async\" width=\"679\" height=\"789\" src=\"http:\/\/www.tinone71.com\/wp\/wp-content\/uploads\/2020\/02\/WhatsApp-Image-2019-01-08-at-16.00.15.jpeg\" alt=\"\" data-id=\"811\" data-full-url=\"http:\/\/www.tinone71.com\/wp\/wp-content\/uploads\/2020\/02\/WhatsApp-Image-2019-01-08-at-16.00.15.jpeg\" data-link=\"http:\/\/www.tinone71.com\/wp\/?attachment_id=811\" class=\"wp-image-811\" srcset=\"https:\/\/www.tinone71.com\/wp\/wp-content\/uploads\/2020\/02\/WhatsApp-Image-2019-01-08-at-16.00.15.jpeg 679w, https:\/\/www.tinone71.com\/wp\/wp-content\/uploads\/2020\/02\/WhatsApp-Image-2019-01-08-at-16.00.15-258x300.jpeg 258w\" sizes=\"(max-width: 679px) 100vw, 679px\" \/><\/figure><\/li><li class=\"blocks-gallery-item\"><figure><img loading=\"lazy\" decoding=\"async\" width=\"841\" height=\"1024\" src=\"http:\/\/www.tinone71.com\/wp\/wp-content\/uploads\/2020\/02\/DSC_2083-841x1024.jpg\" alt=\"\" data-id=\"730\" data-full-url=\"http:\/\/www.tinone71.com\/wp\/wp-content\/uploads\/2020\/02\/DSC_2083-scaled.jpg\" data-link=\"http:\/\/www.tinone71.com\/wp\/?attachment_id=730\" class=\"wp-image-730\" srcset=\"https:\/\/www.tinone71.com\/wp\/wp-content\/uploads\/2020\/02\/DSC_2083-841x1024.jpg 841w, https:\/\/www.tinone71.com\/wp\/wp-content\/uploads\/2020\/02\/DSC_2083-246x300.jpg 246w, https:\/\/www.tinone71.com\/wp\/wp-content\/uploads\/2020\/02\/DSC_2083-768x935.jpg 768w, https:\/\/www.tinone71.com\/wp\/wp-content\/uploads\/2020\/02\/DSC_2083-1262x1536.jpg 1262w, https:\/\/www.tinone71.com\/wp\/wp-content\/uploads\/2020\/02\/DSC_2083-1683x2048.jpg 1683w\" sizes=\"(max-width: 841px) 100vw, 841px\" \/><\/figure><\/li><li class=\"blocks-gallery-item\"><figure><img loading=\"lazy\" decoding=\"async\" width=\"768\" height=\"1024\" src=\"http:\/\/www.tinone71.com\/wp\/wp-content\/uploads\/2020\/02\/295d5e91-bc35-47ef-b09a-035f0dd96656-768x1024.jpg\" alt=\"\" data-id=\"651\" data-full-url=\"http:\/\/www.tinone71.com\/wp\/wp-content\/uploads\/2020\/02\/295d5e91-bc35-47ef-b09a-035f0dd96656.jpg\" data-link=\"http:\/\/www.tinone71.com\/wp\/?attachment_id=651\" class=\"wp-image-651\" srcset=\"https:\/\/www.tinone71.com\/wp\/wp-content\/uploads\/2020\/02\/295d5e91-bc35-47ef-b09a-035f0dd96656-768x1024.jpg 768w, https:\/\/www.tinone71.com\/wp\/wp-content\/uploads\/2020\/02\/295d5e91-bc35-47ef-b09a-035f0dd96656-225x300.jpg 225w, https:\/\/www.tinone71.com\/wp\/wp-content\/uploads\/2020\/02\/295d5e91-bc35-47ef-b09a-035f0dd96656-1152x1536.jpg 1152w, https:\/\/www.tinone71.com\/wp\/wp-content\/uploads\/2020\/02\/295d5e91-bc35-47ef-b09a-035f0dd96656-450x600.jpg 450w, https:\/\/www.tinone71.com\/wp\/wp-content\/uploads\/2020\/02\/295d5e91-bc35-47ef-b09a-035f0dd96656.jpg 1200w\" sizes=\"(max-width: 768px) 100vw, 768px\" \/><\/figure><\/li><li class=\"blocks-gallery-item\"><figure><img loading=\"lazy\" decoding=\"async\" width=\"1011\" height=\"626\" src=\"http:\/\/www.tinone71.com\/wp\/wp-content\/uploads\/2009\/08\/tinone12.jpg\" alt=\"\" data-id=\"331\" data-full-url=\"http:\/\/www.tinone71.com\/wp\/wp-content\/uploads\/2009\/08\/tinone12.jpg\" data-link=\"http:\/\/www.tinone71.com\/wp\/?attachment_id=331\" class=\"wp-image-331\" srcset=\"https:\/\/www.tinone71.com\/wp\/wp-content\/uploads\/2009\/08\/tinone12.jpg 1011w, https:\/\/www.tinone71.com\/wp\/wp-content\/uploads\/2009\/08\/tinone12-300x186.jpg 300w\" sizes=\"(max-width: 1011px) 100vw, 1011px\" \/><\/figure><\/li><\/ul><\/figure>\n<\/div><\/div>\n\n\n\n<p>Due cose su di me, sono un pap\u00e0 con la mania dell&#8217;informatica, mania di cui ho fatto il mio lavoro ormai da 33 anni&#8230;.<\/p>\n\n\n\n<p>Appassionato di fotografia mi sto dilettando con qualche scatto e ogni tanto cambio macchina fotografica.<\/p>\n\n\n\n<p>In questo sito raccolgo stralci dal web, ma anche appunti di informatica che scrivo man mano che incontro problemi e li risolvo, ci sono anche sezione foto e sezione cucina..<\/p>\n\n\n\n<p class=\"has-text-align-left\">da quest&#8217;anno introdurr\u00f2 anche una categoria dedicata alla malattia che mi ha colpito nel 2019, la celiachia. Qui raccoglier\u00f2 un p\u00f2 di informazioni su posti che visito e cibi che incontro.<\/p>\n\n\n\n<p>2010 &#8211; 2014 i due anni pi\u00f9 importanti della mia vita&#8230; non vedo l&#8217;ora di conoscerti Sara!!!<\/p>\n\n\n\n<p><\/p>\n","protected":false},"excerpt":{"rendered":"<p>Due cose su di me, sono un pap\u00e0 con la mania dell&#8217;informatica, mania di cui ho fatto il<\/p>\n","protected":false},"author":1,"featured_media":0,"parent":0,"menu_order":0,"comment_status":"closed","ping_status":"closed","template":"","meta":{"_uf_show_specific_survey":0,"_uf_disable_surveys":false,"footnotes":""},"_links":{"self":[{"href":"https:\/\/www.tinone71.com\/wp\/index.php?rest_route=\/wp\/v2\/pages\/816"}],"collection":[{"href":"https:\/\/www.tinone71.com\/wp\/index.php?rest_route=\/wp\/v2\/pages"}],"about":[{"href":"https:\/\/www.tinone71.com\/wp\/index.php?rest_route=\/wp\/v2\/types\/page"}],"author":[{"embeddable":true,"href":"https:\/\/www.tinone71.com\/wp\/index.php?rest_route=\/wp\/v2\/users\/1"}],"replies":[{"embeddable":true,"href":"https:\/\/www.tinone71.com\/wp\/index.php?rest_route=%2Fwp%2Fv2%2Fcomments&post=816"}],"version-history":[{"count":2,"href":"https:\/\/www.tinone71.com\/wp\/index.php?rest_route=\/wp\/v2\/pages\/816\/revisions"}],"predecessor-version":[{"id":1013,"href":"https:\/\/www.tinone71.com\/wp\/index.php?rest_route=\/wp\/v2\/pages\/816\/revisions\/1013"}],"wp:attachment":[{"href":"https:\/\/www.tinone71.com\/wp\/index.php?rest_route=%2Fwp%2Fv2%2Fmedia&parent=816"}],"curies":[{"name":"wp","href":"https:\/\/api.w.org\/{rel}","templated":true}]}}