{"id":234,"date":"2012-06-16T14:48:39","date_gmt":"2012-06-16T13:48:39","guid":{"rendered":"http:\/\/www.tinone71.com\/wordpress\/?page_id=234"},"modified":"2020-02-08T21:37:44","modified_gmt":"2020-02-08T20:37:44","slug":"amico-max","status":"publish","type":"page","link":"https:\/\/www.tinone71.com\/wp\/?page_id=234","title":{"rendered":"CIAO MAX"},"content":{"rendered":"<div style=\"\" class=\"ssag-opads-main     \" ><\/div>\n<div class=\"wp-block-group\"><div class=\"wp-block-group__inner-container is-layout-flow wp-block-group-is-layout-flow\">\n<figure class=\"wp-block-gallery columns-3 is-cropped wp-block-gallery-1 is-layout-flex wp-block-gallery-is-layout-flex\"><ul class=\"blocks-gallery-grid\"><li class=\"blocks-gallery-item\"><figure><img loading=\"lazy\" decoding=\"async\" width=\"1024\" height=\"759\" src=\"http:\/\/www.tinone71.com\/wp\/wp-content\/uploads\/2020\/02\/Schermata-2020-02-08-alle-21.30.51-1024x759.png\" alt=\"\" data-id=\"819\" data-full-url=\"http:\/\/www.tinone71.com\/wp\/wp-content\/uploads\/2020\/02\/Schermata-2020-02-08-alle-21.30.51.png\" data-link=\"http:\/\/www.tinone71.com\/wp\/?attachment_id=819\" class=\"wp-image-819\" srcset=\"https:\/\/www.tinone71.com\/wp\/wp-content\/uploads\/2020\/02\/Schermata-2020-02-08-alle-21.30.51-1024x759.png 1024w, https:\/\/www.tinone71.com\/wp\/wp-content\/uploads\/2020\/02\/Schermata-2020-02-08-alle-21.30.51-300x222.png 300w, https:\/\/www.tinone71.com\/wp\/wp-content\/uploads\/2020\/02\/Schermata-2020-02-08-alle-21.30.51-768x570.png 768w, https:\/\/www.tinone71.com\/wp\/wp-content\/uploads\/2020\/02\/Schermata-2020-02-08-alle-21.30.51.png 1138w\" sizes=\"(max-width: 1024px) 100vw, 1024px\" \/><\/figure><\/li><li class=\"blocks-gallery-item\"><figure><img loading=\"lazy\" decoding=\"async\" width=\"640\" height=\"480\" src=\"http:\/\/www.tinone71.com\/wp\/wp-content\/uploads\/2020\/02\/Max-cartello1.jpg\" alt=\"\" data-id=\"806\" data-full-url=\"http:\/\/www.tinone71.com\/wp\/wp-content\/uploads\/2020\/02\/Max-cartello1.jpg\" data-link=\"http:\/\/www.tinone71.com\/wp\/?attachment_id=806\" class=\"wp-image-806\" srcset=\"https:\/\/www.tinone71.com\/wp\/wp-content\/uploads\/2020\/02\/Max-cartello1.jpg 640w, https:\/\/www.tinone71.com\/wp\/wp-content\/uploads\/2020\/02\/Max-cartello1-300x225.jpg 300w\" sizes=\"(max-width: 640px) 100vw, 640px\" \/><\/figure><\/li><li class=\"blocks-gallery-item\"><figure><img loading=\"lazy\" decoding=\"async\" width=\"1024\" height=\"768\" src=\"http:\/\/www.tinone71.com\/wp\/wp-content\/uploads\/2020\/02\/Schermata-2020-02-08-alle-21.30.31-1024x768.png\" alt=\"\" data-id=\"820\" data-full-url=\"http:\/\/www.tinone71.com\/wp\/wp-content\/uploads\/2020\/02\/Schermata-2020-02-08-alle-21.30.31.png\" data-link=\"http:\/\/www.tinone71.com\/wp\/?attachment_id=820\" class=\"wp-image-820\" srcset=\"https:\/\/www.tinone71.com\/wp\/wp-content\/uploads\/2020\/02\/Schermata-2020-02-08-alle-21.30.31-1024x768.png 1024w, https:\/\/www.tinone71.com\/wp\/wp-content\/uploads\/2020\/02\/Schermata-2020-02-08-alle-21.30.31-300x225.png 300w, https:\/\/www.tinone71.com\/wp\/wp-content\/uploads\/2020\/02\/Schermata-2020-02-08-alle-21.30.31-768x576.png 768w, https:\/\/www.tinone71.com\/wp\/wp-content\/uploads\/2020\/02\/Schermata-2020-02-08-alle-21.30.31-720x540.png 720w, https:\/\/www.tinone71.com\/wp\/wp-content\/uploads\/2020\/02\/Schermata-2020-02-08-alle-21.30.31.png 1122w\" sizes=\"(max-width: 1024px) 100vw, 1024px\" \/><\/figure><\/li><\/ul><\/figure>\n<\/div><\/div>\n\n\n<p>\u00a0<\/p>\n<p>VARESE \u00abGes\u00f9 tienitelo stretto\u00bb. Cos\u00ec Alba, la mamma di Massimo Basile, 39 anni, ucciso dal fratello venerd\u00ec scorso, nella casa di via del Riveccio a Calcinate del Pesce. Ieri il giovane ha ricevuto l&#8217;ultimo saluto in una cerimonia sobria e partecipata. Don Mauro Barlassina ha celebrato la liturgia della parola. Una funzione religiosa scelta al posto del funerale tradizionale perch\u00e9 punto di incontro tra il rito evangelico e cattolico (alcuni membri della famiglia frequentano la chiesa evangelica, altri quella cattolica).<a href=\"http:\/\/www.tinone71.com\/wordpress\/wp-content\/uploads\/2012\/06\/Max-cartello1.jpg\" data-rel=\"lightbox-image-0\" data-rl_title=\"\" data-rl_caption=\"\"><img loading=\"lazy\" decoding=\"async\" class=\"size-medium wp-image-239 alignright\" title=\"\" src=\"http:\/\/www.tinone71.com\/wordpress\/wp-content\/uploads\/2012\/06\/Max-cartello1-300x225.jpg\" alt=\"\" width=\"300\" height=\"225\" \/><\/a><br \/><a href=\"http:\/\/www.tinone71.com\/wordpress\/wp-content\/uploads\/2012\/06\/Max-ultimaFoto1.jpg\" data-rel=\"lightbox-image-1\" data-rl_title=\"\" data-rl_caption=\"\"><img loading=\"lazy\" decoding=\"async\" class=\"alignleft size-medium wp-image-240\" title=\"\" src=\"http:\/\/www.tinone71.com\/wordpress\/wp-content\/uploads\/2012\/06\/Max-ultimaFoto1-300x225.jpg\" alt=\"\" width=\"300\" height=\"225\" \/><\/a><br \/>\u00abCi affidiamo a te Ges\u00f9, solo tu puoi risolvere i nostri problemi &#8211; ha detto la madre Alba sorreggendosi al figlio Paolo &#8211; Massimo, ora che sei un angelo, prega per noi\u00bb.<\/p>\n<p>Ed \u00e8 stata proprio la fede della madre a ispirare l&#8217;omelia. \u00abLa madre di Massimo esprime intensamente sofferenza, sia nello sguardo che nella parola, ma non ha perso la fede &#8211; ha detto don Mauro &#8211; Ripete: &#8220;Ho fatto della mia vita una realt\u00e0 che poggia sulla roccia e che si chiama Cristo&#8221;. Il suo esempio \u00e8 un invito a trovare forza nella fede anche in una vicenda che tocca cos\u00ec profondamente una famiglia\u00bb.<\/p>\n<p>Don Mauro ha parlato anche di Giovanni Basile, colui che ha spezzato la vita di Massimo in un impeto di ira e che ora si trova in carcere ai Miogni. \u00abNon bisogna lasciarsi prendere dalla rabbia, ma pregare: Giovanni deve essere affidato alla misericordia. Questa vicenda costituisce una situazione che ogni uomo o donna pu\u00f2 vivere. La disperazione \u00e8 cresciuta nel cuore e nella mente di Giovanni. La mancanza di un lavoro e di uno spazio ha peggiorato le cose, fino a che \u00e8 arrivato a compiere quello che ha fatto. A Varese sembrano non emergere casi di tale disperazione, che per\u00f2 esistono a decine. Dobbiamo dunque chiederci: sappiamo davvero farci prossimi gli uni agli altri?\u00bb.<\/p>\n<p>Don Mauro ha parlato anche di giustizia. \u00abBisogna chiederla per Massimo, ma anche per Giovanni. Che gli sia lasciata occasione di riscatto. La sfida \u00e8 vivere la vita non per quello che si ha, ma per il dono che \u00e8\u00bb.<\/p>\n<p>I nipoti di Massimo hanno messo sul cancello del cimitero un poster con alcune foto dello zio. Lo si vede sulla moto, in Sicilia alle prese con la colazione a base di brioche, sorridente sulla spiaggia.<\/p>\n<p>Tutti quelli che entravano al cimitero passavano una mano su quelle foto, come a voler accarezzare il viso del giovane per l&#8217;ultima volta. C&#8217;erano i familiari pi\u00f9 stretti, il cognato Giovanni, la fidanzata Consuelo, i vicini di casa che hanno raggiunto il cimitero come in processione, portando fiori. E tanti amici, anche arrivati da lontano per dire addio a Massimo.<\/p>\n<p>\u00abSembrava venuto al mondo per regalare bont\u00e0 &#8211; ha commentato Roberto Lamperti, ex collega &#8211; Era il mio esempio professionale. Mi mancher\u00e0 molto, ma continuer\u00e0 a vivere nel mio ricordo\u00bb.<\/p>","protected":false},"excerpt":{"rendered":"<p>\u00a0 VARESE \u00abGes\u00f9 tienitelo stretto\u00bb. Cos\u00ec Alba, la mamma di Massimo Basile, 39 anni, ucciso dal fratello venerd\u00ec<\/p>\n","protected":false},"author":1,"featured_media":0,"parent":0,"menu_order":0,"comment_status":"closed","ping_status":"closed","template":"","meta":{"_uf_show_specific_survey":0,"_uf_disable_surveys":false,"footnotes":""},"_links":{"self":[{"href":"https:\/\/www.tinone71.com\/wp\/index.php?rest_route=\/wp\/v2\/pages\/234"}],"collection":[{"href":"https:\/\/www.tinone71.com\/wp\/index.php?rest_route=\/wp\/v2\/pages"}],"about":[{"href":"https:\/\/www.tinone71.com\/wp\/index.php?rest_route=\/wp\/v2\/types\/page"}],"author":[{"embeddable":true,"href":"https:\/\/www.tinone71.com\/wp\/index.php?rest_route=\/wp\/v2\/users\/1"}],"replies":[{"embeddable":true,"href":"https:\/\/www.tinone71.com\/wp\/index.php?rest_route=%2Fwp%2Fv2%2Fcomments&post=234"}],"version-history":[{"count":5,"href":"https:\/\/www.tinone71.com\/wp\/index.php?rest_route=\/wp\/v2\/pages\/234\/revisions"}],"predecessor-version":[{"id":821,"href":"https:\/\/www.tinone71.com\/wp\/index.php?rest_route=\/wp\/v2\/pages\/234\/revisions\/821"}],"wp:attachment":[{"href":"https:\/\/www.tinone71.com\/wp\/index.php?rest_route=%2Fwp%2Fv2%2Fmedia&parent=234"}],"curies":[{"name":"wp","href":"https:\/\/api.w.org\/{rel}","templated":true}]}}